{"id":42,"date":"2015-05-03T16:35:29","date_gmt":"2015-05-03T16:35:29","guid":{"rendered":"http:\/\/zenseotherm.de\/?page_id=42"},"modified":"2015-05-31T19:51:50","modified_gmt":"2015-05-31T19:51:50","slug":"qualitaetssicherung","status":"publish","type":"page","link":"http:\/\/zenseotherm.de\/?page_id=42","title":{"rendered":"Qualit\u00e4tssicherung"},"content":{"rendered":"<h3><a href=\"http:\/\/zenseotherm.de\/wp-content\/uploads\/2015\/05\/150531_Qualit\u00e4tssicherung.jpg\"><img loading=\"lazy\" decoding=\"async\" class=\"alignnone size-full wp-image-136\" src=\"http:\/\/zenseotherm.de\/wp-content\/uploads\/2015\/05\/150531_Qualit\u00e4tssicherung.jpg\" alt=\"150531_Qualit\u00e4tssicherung\" width=\"886\" height=\"434\" srcset=\"http:\/\/zenseotherm.de\/wp-content\/uploads\/2015\/05\/150531_Qualit\u00e4tssicherung.jpg 886w, http:\/\/zenseotherm.de\/wp-content\/uploads\/2015\/05\/150531_Qualit\u00e4tssicherung-300x147.jpg 300w, http:\/\/zenseotherm.de\/wp-content\/uploads\/2015\/05\/150531_Qualit\u00e4tssicherung-760x372.jpg 760w\" sizes=\"auto, (max-width: 886px) 100vw, 886px\" \/><\/a><\/h3>\n<h3>QUALIT\u00c4TSSICHERUNG<\/h3>\n<p>Ein gutes Ausschreibungsergebnis haben Sie erreicht, einen guten Handwerker beauftragt\u2026.. Aber macht er f\u00fcr Sie auch die erw\u00fcnschte gute Arbeit? Baut er auch wirklich ein, was Sie bestellt haben? Ich pr\u00fcfe und \u00fcberwache das als neutraler Fachmann mit langj\u00e4hriger Berufserfahrung.<\/p>\n","protected":false},"excerpt":{"rendered":"<p>QUALIT\u00c4TSSICHERUNG Ein gutes Ausschreibungsergebnis haben Sie erreicht, einen guten Handwerker beauftragt\u2026.. Aber macht er f\u00fcr Sie auch die erw\u00fcnschte gute Arbeit? Baut er auch wirklich ein, was Sie bestellt haben? Ich pr\u00fcfe und \u00fcberwache das als neutraler Fachmann mit langj\u00e4hriger Berufserfahrung.<\/p>\n","protected":false},"author":1,"featured_media":0,"parent":0,"menu_order":0,"comment_status":"closed","ping_status":"open","template":"template-full-width.php","meta":{"footnotes":""},"class_list":["post-42","page","type-page","status-publish","hentry"],"_links":{"self":[{"href":"http:\/\/zenseotherm.de\/index.php?rest_route=\/wp\/v2\/pages\/42","targetHints":{"allow":["GET"]}}],"collection":[{"href":"http:\/\/zenseotherm.de\/index.php?rest_route=\/wp\/v2\/pages"}],"about":[{"href":"http:\/\/zenseotherm.de\/index.php?rest_route=\/wp\/v2\/types\/page"}],"author":[{"embeddable":true,"href":"http:\/\/zenseotherm.de\/index.php?rest_route=\/wp\/v2\/users\/1"}],"replies":[{"embeddable":true,"href":"http:\/\/zenseotherm.de\/index.php?rest_route=%2Fwp%2Fv2%2Fcomments&post=42"}],"version-history":[{"count":3,"href":"http:\/\/zenseotherm.de\/index.php?rest_route=\/wp\/v2\/pages\/42\/revisions"}],"predecessor-version":[{"id":137,"href":"http:\/\/zenseotherm.de\/index.php?rest_route=\/wp\/v2\/pages\/42\/revisions\/137"}],"wp:attachment":[{"href":"http:\/\/zenseotherm.de\/index.php?rest_route=%2Fwp%2Fv2%2Fmedia&parent=42"}],"curies":[{"name":"wp","href":"https:\/\/api.w.org\/{rel}","templated":true}]}}